{"id":30,"date":"2012-09-15T14:55:01","date_gmt":"2012-09-15T14:55:01","guid":{"rendered":"http:\/\/www.graz.jugendprojekt.comhttp:\/\/www.schmerzarzt.at\/?page_id=30"},"modified":"2023-10-30T17:50:35","modified_gmt":"2023-10-30T17:50:35","slug":"ordination","status":"publish","type":"page","link":"https:\/\/www.schmerzarzt.at\/gb\/ordination\/","title":{"rendered":"Clinic"},"content":{"rendered":"<hr \/>\n<div><strong>Clinic in &#8220;Gesundheitszentrum D\u00f6bling&#8221; Vienna<\/strong><\/div>\n<hr \/>\n<div><\/div>\n<div style=\"padding-left: 30px;\"><em>Gesundheits Zentrum D\u00f6bling<\/em><\/div>\n<div style=\"padding-left: 30px;\"><em>D\u00f6blinger Hauptstrasse 44<\/em><br \/>\n<em> 1190 Wien<\/em><\/div>\n<div><\/div>\n<hr \/>\n<p><iframe loading=\"lazy\" src=\"https:\/\/maps.google.com\/maps?f=q&amp;source=embed&amp;hl=de&amp;geocode=&amp;q=Gesundheitszentrum+D%C3%B6bling,+D%C3%B6blinger+Hauptstra%C3%9Fe+44,+Wien,+%C3%96sterreich&amp;aq=0&amp;oq=ge&amp;sll=37.0625,-95.677068&amp;sspn=52.107327,79.013672&amp;ie=UTF8&amp;hq=Gesundheitszentrum&amp;hnear=D%C3%B6blinger+Hauptstra%C3%9Fe+44,+D%C3%B6bling+1190+Wien,+%C3%96sterreich&amp;t=m&amp;cid=11845262326037289481&amp;ll=48.239538,16.348815&amp;spn=0.01372,0.027466&amp;z=15&amp;iwloc=A&amp;output=embed\" width=\"640\" height=\"480\" frameborder=\"0\" marginwidth=\"0\" marginheight=\"0\" scrolling=\"no\"><\/iframe><br \/>\n<small><a style=\"color: #0000ff; text-align: left;\" href=\"https:\/\/maps.google.com\/maps?f=q&amp;source=embed&amp;hl=de&amp;geocode=&amp;q=Gesundheitszentrum+D%C3%B6bling,+D%C3%B6blinger+Hauptstra%C3%9Fe+44,+Wien,+%C3%96sterreich&amp;aq=0&amp;oq=ge&amp;sll=37.0625,-95.677068&amp;sspn=52.107327,79.013672&amp;ie=UTF8&amp;hq=Gesundheitszentrum&amp;hnear=D%C3%B6blinger+Hauptstra%C3%9Fe+44,+D%C3%B6bling+1190+Wien,+%C3%96sterreich&amp;t=m&amp;cid=11845262326037289481&amp;ll=48.239538,16.348815&amp;spn=0.01372,0.027466&amp;z=15&amp;iwloc=A\">Gr\u00f6\u00dfere Kartenansicht<\/a><\/small><\/p>\n<hr \/>\n<p>Registration via <strong>PAIN HOTLINE: <a href=\"tel:+43699 109 13 901\">+43 699 109 13 901<\/a><\/strong><\/p>\n<hr \/>\n\t<section class=\"section\" id=\"section_1430387128\">\n\t\t<div class=\"bg section-bg fill bg-fill  bg-loaded\" >\n\n\t\t\t\n\t\t\t\n\t\t\t\n\n\t\t<\/div><!-- .section-bg -->\n\n\t\t<div class=\"section-content relative\">\n\t\t\t\n<div class=\"row align-center\"  id=\"row-1058283774\">\n<div class=\"col medium-7 small-12 large-7\"  ><div class=\"col-inner text-center\"  >\n<div class=\"gap-element\" style=\"display:block; height:auto; padding-top:40px\" class=\"clearfix\"><\/div>\n<h1><span style=\"font-size: 130%;\">Services offered in the clinic<\/span><\/h1>\n<div class=\"is-divider divider clearfix\" style=\"max-width:60px;\"><\/div><!-- .divider -->\n<\/div><\/div>\n\n<style scope=\"scope\">\n\n<\/style>\n<\/div>\n<div class=\"row align-center\"  id=\"row-79235455\">\n<div class=\"col medium-9 small-12 large-9\"  ><div class=\"col-inner\"  >\n<div class=\"row\"  id=\"row-235473295\">\n<div class=\"col medium-6 small-12 large-6\"  ><div class=\"col-inner\" style=\"margin:0px 0px 0px -10px;\" >\n\n\t\t<div class=\"icon-box featured-box icon-box-left text-left\"  >\n\t\t\t\t\t<div class=\"icon-box-img has-icon-bg\" style=\"width: 60px\">\n\t\t\t\t<div class=\"icon\">\n\t\t\t\t\t<div class=\"icon-inner\" style=\"border-width:1px;color:rgb(160, 160, 160);\">\n\t\t\t\t\t\t<?xml version=\"1.0\" encoding=\"iso-8859-1\"?>\r\n<!-- Generator: Adobe Illustrator 19.0.0, SVG Export Plug-In . SVG Version: 6.00 Build 0)  -->\r\n<svg version=\"1.1\" id=\"Capa_1\" xmlns=\"http:\/\/www.w3.org\/2000\/svg\" xmlns:xlink=\"http:\/\/www.w3.org\/1999\/xlink\" x=\"0px\" y=\"0px\"\r\n\t viewBox=\"0 0 58 58\" style=\"enable-background:new 0 0 58 58;\" xml:space=\"preserve\">\r\n<g>\r\n\t<path d=\"M54.319,37.839C54.762,35.918,55,33.96,55,32c0-9.095-4.631-17.377-12.389-22.153c-0.473-0.29-1.087-0.143-1.376,0.327\r\n\t\tc-0.29,0.471-0.143,1.086,0.327,1.376C48.724,15.96,53,23.604,53,32c0,1.726-0.2,3.451-0.573,5.147C51.966,37.051,51.489,37,51,37\r\n\t\tc-3.86,0-7,3.141-7,7s3.14,7,7,7s7-3.141,7-7C58,41.341,56.509,39.024,54.319,37.839z\"\/>\r\n\t<path d=\"M38.171,54.182C35.256,55.388,32.171,56,29,56c-6.385,0-12.527-2.575-17.017-7.092C13.229,47.643,14,45.911,14,44\r\n\t\tc0-3.859-3.14-7-7-7s-7,3.141-7,7s3.14,7,7,7c1.226,0,2.378-0.319,3.381-0.875C15.26,55.136,21.994,58,29,58\r\n\t\tc3.435,0,6.778-0.663,9.936-1.971c0.51-0.211,0.753-0.796,0.542-1.307C39.267,54.213,38.681,53.971,38.171,54.182z\"\/>\r\n\t<path d=\"M4,31.213c0.024,0.002,0.048,0.003,0.071,0.003c0.521,0,0.959-0.402,0.997-0.93c0.712-10.089,7.586-18.52,17.22-21.314\r\n\t\tC23.142,11.874,25.825,14,29,14c3.86,0,7-3.141,7-7s-3.14-7-7-7c-3.851,0-6.985,3.127-6.999,6.975\r\n\t\tC11.42,9.922,3.851,19.12,3.073,30.146C3.034,30.696,3.449,31.175,4,31.213z\"\/>\r\n<\/g>\r\n<g>\r\n<\/g>\r\n<g>\r\n<\/g>\r\n<g>\r\n<\/g>\r\n<g>\r\n<\/g>\r\n<g>\r\n<\/g>\r\n<g>\r\n<\/g>\r\n<g>\r\n<\/g>\r\n<g>\r\n<\/g>\r\n<g>\r\n<\/g>\r\n<g>\r\n<\/g>\r\n<g>\r\n<\/g>\r\n<g>\r\n<\/g>\r\n<g>\r\n<\/g>\r\n<g>\r\n<\/g>\r\n<g>\r\n<\/g>\r\n<\/svg>\r\n\t\t\t\t\t<\/div>\n\t\t\t\t<\/div>\n\t\t\t<\/div>\n\t\t\t\t<div class=\"icon-box-text last-reset\">\n\t\t\t\t\t\t\t\t\t\n<h3><span style=\"font-size: 23.184px;\">Gentle pain therapy<\/span><\/h3>\n<p>Manual therapy<br \/>\nAcupuncture<br \/>\nSpinal surgery<br \/>\nNeurostimulation<br \/>\nCold red light<br \/>\nShock wave therapy<br \/>\nHigh tone therapy<\/p>\n<div class=\"gap-element\" style=\"display:block; height:auto; padding-top:22px\" class=\"clearfix\"><\/div>\n\t\t<\/div>\n\t<\/div><!-- .icon-box -->\n\t\n\t\n<\/div><\/div>\n<div class=\"col medium-6 small-12 large-6\"  ><div class=\"col-inner\" style=\"margin:0px 0px 0px 10px;\" >\n\n\t\t<div class=\"icon-box featured-box icon-box-left text-left\"  >\n\t\t\t\t\t<div class=\"icon-box-img has-icon-bg\" style=\"width: 60px\">\n\t\t\t\t<div class=\"icon\">\n\t\t\t\t\t<div class=\"icon-inner\" style=\"border-width:1px;color:rgb(160, 160, 160);\">\n\t\t\t\t\t\t<?xml version=\"1.0\" encoding=\"iso-8859-1\"?>\r\n<!-- Generator: Adobe Illustrator 19.0.0, SVG Export Plug-In . SVG Version: 6.00 Build 0)  -->\r\n<svg version=\"1.1\" id=\"Capa_1\" xmlns=\"http:\/\/www.w3.org\/2000\/svg\" xmlns:xlink=\"http:\/\/www.w3.org\/1999\/xlink\" x=\"0px\" y=\"0px\"\r\n\t viewBox=\"0 0 58 58\" style=\"enable-background:new 0 0 58 58;\" xml:space=\"preserve\">\r\n<g>\r\n\t<path d=\"M54.319,37.839C54.762,35.918,55,33.96,55,32c0-9.095-4.631-17.377-12.389-22.153c-0.473-0.29-1.087-0.143-1.376,0.327\r\n\t\tc-0.29,0.471-0.143,1.086,0.327,1.376C48.724,15.96,53,23.604,53,32c0,1.726-0.2,3.451-0.573,5.147C51.966,37.051,51.489,37,51,37\r\n\t\tc-3.86,0-7,3.141-7,7s3.14,7,7,7s7-3.141,7-7C58,41.341,56.509,39.024,54.319,37.839z\"\/>\r\n\t<path d=\"M38.171,54.182C35.256,55.388,32.171,56,29,56c-6.385,0-12.527-2.575-17.017-7.092C13.229,47.643,14,45.911,14,44\r\n\t\tc0-3.859-3.14-7-7-7s-7,3.141-7,7s3.14,7,7,7c1.226,0,2.378-0.319,3.381-0.875C15.26,55.136,21.994,58,29,58\r\n\t\tc3.435,0,6.778-0.663,9.936-1.971c0.51-0.211,0.753-0.796,0.542-1.307C39.267,54.213,38.681,53.971,38.171,54.182z\"\/>\r\n\t<path d=\"M4,31.213c0.024,0.002,0.048,0.003,0.071,0.003c0.521,0,0.959-0.402,0.997-0.93c0.712-10.089,7.586-18.52,17.22-21.314\r\n\t\tC23.142,11.874,25.825,14,29,14c3.86,0,7-3.141,7-7s-3.14-7-7-7c-3.851,0-6.985,3.127-6.999,6.975\r\n\t\tC11.42,9.922,3.851,19.12,3.073,30.146C3.034,30.696,3.449,31.175,4,31.213z\"\/>\r\n<\/g>\r\n<g>\r\n<\/g>\r\n<g>\r\n<\/g>\r\n<g>\r\n<\/g>\r\n<g>\r\n<\/g>\r\n<g>\r\n<\/g>\r\n<g>\r\n<\/g>\r\n<g>\r\n<\/g>\r\n<g>\r\n<\/g>\r\n<g>\r\n<\/g>\r\n<g>\r\n<\/g>\r\n<g>\r\n<\/g>\r\n<g>\r\n<\/g>\r\n<g>\r\n<\/g>\r\n<g>\r\n<\/g>\r\n<g>\r\n<\/g>\r\n<\/svg>\r\n\t\t\t\t\t<\/div>\n\t\t\t\t<\/div>\n\t\t\t<\/div>\n\t\t\t\t<div class=\"icon-box-text last-reset\">\n\t\t\t\t\t\t\t\t\t\n<h3><span style=\"font-size: 115%;\">Preventive medicine<\/span><\/h3>\n<p>Health examination<br \/>\nNutritional counseling<br \/>\nSmoking cessation<br \/>\nMedically controlled weight reduction<\/p>\n\t\t<\/div>\n\t<\/div><!-- .icon-box -->\n\t\n\t\n<\/div><\/div>\n<\/div>\n<\/div><\/div>\n\n<style scope=\"scope\">\n\n<\/style>\n<\/div>\n\t\t<\/div><!-- .section-content -->\n\n\t\t\n<style scope=\"scope\">\n\n#section_1430387128 {\n  padding-top: 30px;\n  padding-bottom: 30px;\n}\n<\/style>\n\t<\/section>\n\t\n","protected":false},"excerpt":{"rendered":"<p>Clinic in &#8220;Gesundheitszentrum D\u00f6bling&#8221; Vienna Gesundheits Zentrum D\u00f6bling D\u00f6blinger Hauptstrasse 44 1190 Wien Gr\u00f6\u00dfere Kartenansicht Registration via PAIN HOTLINE: +43 699 109 13 901<\/p>\n","protected":false},"author":1,"featured_media":1049,"parent":0,"menu_order":1,"comment_status":"closed","ping_status":"closed","template":"","meta":{"footnotes":""},"translation":{"provider":"WPGlobus","version":"3.0.2","language":"gb","enabled_languages":["de","gb"],"languages":{"de":{"title":true,"content":true,"excerpt":false},"gb":{"title":true,"content":true,"excerpt":false}}},"_links":{"self":[{"href":"https:\/\/www.schmerzarzt.at\/gb\/wp-json\/wp\/v2\/pages\/30"}],"collection":[{"href":"https:\/\/www.schmerzarzt.at\/gb\/wp-json\/wp\/v2\/pages"}],"about":[{"href":"https:\/\/www.schmerzarzt.at\/gb\/wp-json\/wp\/v2\/types\/page"}],"author":[{"embeddable":true,"href":"https:\/\/www.schmerzarzt.at\/gb\/wp-json\/wp\/v2\/users\/1"}],"replies":[{"embeddable":true,"href":"https:\/\/www.schmerzarzt.at\/gb\/wp-json\/wp\/v2\/comments?post=30"}],"version-history":[{"count":9,"href":"https:\/\/www.schmerzarzt.at\/gb\/wp-json\/wp\/v2\/pages\/30\/revisions"}],"predecessor-version":[{"id":1559,"href":"https:\/\/www.schmerzarzt.at\/gb\/wp-json\/wp\/v2\/pages\/30\/revisions\/1559"}],"wp:featuredmedia":[{"embeddable":true,"href":"https:\/\/www.schmerzarzt.at\/gb\/wp-json\/wp\/v2\/media\/1049"}],"wp:attachment":[{"href":"https:\/\/www.schmerzarzt.at\/gb\/wp-json\/wp\/v2\/media?parent=30"}],"curies":[{"name":"wp","href":"https:\/\/api.w.org\/{rel}","templated":true}]}}